{"id":101,"date":"2024-02-05T15:23:09","date_gmt":"2024-02-05T20:23:09","guid":{"rendered":"https:\/\/toursanblaspanama.com\/?page_id=101"},"modified":"2024-02-05T15:25:41","modified_gmt":"2024-02-05T20:25:41","slug":"condiciones-de-compra","status":"publish","type":"page","link":"https:\/\/toursanblaspanama.com\/de\/condiciones-de-compra\/","title":{"rendered":"Kaufbedingungen und Konditionen"},"content":{"rendered":"<p>[et_pb_section fb_built=\u00bb1&#8243; theme_builder_area=\u00bbpost_content\u00bb _builder_version=\u00bb4.24.0&#8243; _module_preset=\u00bbdefault\u00bb][et_pb_row _builder_version=\u00bb4.24.0&#8243; _module_preset=\u00bbdefault\u00bb theme_builder_area=\u00bbpost_content\u00bb][et_pb_column _builder_version=\u00bb4.24.0&#8243; _module_preset=\u00bbdefault\u00bb type=\u00bb4_4&#8243; theme_builder_area=\u00bbpost_content\u00bb][et_pb_text _builder_version=\u00bb4.24.0&#8243; _module_preset=\u00bbdefault\u00bb theme_builder_area=\u00bbpost_content\u00bb hover_enabled=\u00bb0&#8243; sticky_enabled=\u00bb0&#8243;]<\/p>\n<div class=\"et_pb_module et_pb_text et_pb_text_0  et_pb_text_align_left et_pb_bg_layout_light\">\n<div class=\"et_pb_text_inner\">\n<h2>Allgemeine Bedingungen und Konditionen<\/h2>\n<\/div>\n<\/div>\n<div class=\"et_pb_module et_pb_text et_pb_text_1  et_pb_text_align_left et_pb_bg_layout_light\">\n<div class=\"et_pb_text_inner\">\n<div class=\"fw margin-mini title ng-binding\">Erster Block von Informationen<\/div>\n<div class=\"fw margin-mid ng-binding\" ng-bind-html=\"result.html | sceTWS\">\n<p id=\"isPasted\"><span>Stornierungs- und Erstattungsbedingunge\u00a0<\/span><\/p>\n<p><span>\u00a0<\/span><\/p>\n<p><span>Diese Richtlinien gelten f\u00fcr die Website\u00a0<strong>www.toursanblaspanama.com<\/strong><\/span><\/p>\n<p><span>\u00a0<\/span><\/p>\n<p><strong>1. BESCHREIBUNG<\/strong><\/p>\n<p>Eine R\u00fcckerstattung ist der Antrag eines Kunden, den f\u00fcr einen Artikel oder eine Dienstleistung bezahlten Betrag zur\u00fcckzuerhalten.<\/p>\n<p>ervicezeiten, ist die Zeit, die wir dem Passagier empfehlen, das Besucherzentrum des Panamakanals zu besuchen, f\u00fcr dessen Besuch er\/sie das Ticket kauft.<\/p>\n<p>Wir stellen zwei empfohlene Zeiten vor: 8:30 Uhr und 14:30 Uhr.<\/p>\n<p>Die Fahrkarten werden an Ihr Hotel im Stadtzentrum oder an den zuvor zugewiesenen, festgelegten und mit dem Fahrgast best\u00e4tigten Treffpunkt geliefert. Beispiele f\u00fcr Hotels, die sich au\u00dferhalb von Panama-Stadt befinden, unbeschadet der M\u00f6glichkeit, andere unter den gleichen Bedingungen zu finden, die in diesem Absatz nicht aufgef\u00fchrt sind, sind die in Tocumen Airport, Costa del Este, Playa Bonita, Las Cumbres, Gamboa, City of Knowledge, Summit, Playa Blanca, Colon.<\/p>\n<p>Die Fahrscheine werden 24 Stunden vor dem Datum der Zustellung zugestellt. Die Zustellung erfolgt in zwei Zeitspannen: zwischen 7:00 Uhr und 7:30 Uhr oder zwischen 13:30 Uhr und 14:00 Uhr. Der Fahrgast muss sich ab Beginn der Zustellzeiten (7:00 Uhr oder 13:230 Uhr) in der Hotellobby aufhalten.<\/p>\n<p>&nbsp;<\/p>\n<p><strong>2. GR\u00dcNDE F\u00dcR DIE ERSTATTUNG<\/strong><\/p>\n<p>El servicio adquirido se encuentra fuera de inventario y no es posible entregar otro de caracter\u00edsticas similares y de igual o mayor precio.<\/p>\n<p>Der Panamakanal schlie\u00dft das Besucherzentrum, und die Panamakanal-Beh\u00f6rde gew\u00e4hrt den Passagieren w\u00e4hrend der empfohlenen Zeiten oder zu anderen Zeiten keinen Zugang zum Besucherzentrum.<\/p>\n<p>Die Wartezeit bei der Auslieferung betr\u00e4gt 5 Minuten, und das Personal des Unternehmens nimmt diese Wartezeit nicht in Kauf.<\/p>\n<p>Dem Kunden wurde ein falscher Betrag in Rechnung gestellt, der Differenzbetrag wird erstattet.<\/p>\n<p>Aufgrund der verschiedenen Szenarien, die bei Online-Eink\u00e4ufen auftreten k\u00f6nnen, werden alle F\u00e4lle, die in diesen Richtlinien nicht ber\u00fccksichtigt sind, von Casalin Viajes y Turismo SA auf individueller Basis gepr\u00fcft und bearbeitet.<\/p>\n<p>Aufgrund der COVID-19-Pandemie werden keine Erstattungen f\u00fcr die \u00c4nderung von Reisepl\u00e4nen und\/oder -inhalten aufgrund von \u00c4nderungen durch die endg\u00fcltigen Leistungserbringer und\/oder Gesundheitsbeh\u00f6rden gew\u00e4hrt.<\/p>\n<p>&nbsp;<\/p>\n<p><strong>3. VORAUSSETZUNGEN<\/strong><\/p>\n<p>Um eine R\u00fcckerstattung zu beantragen, werden Sie gebeten, die folgenden Informationen anzugeben, die Sie per E-Mail oder pers\u00f6nlich \u00fcbermitteln m\u00fcssen:<br \/>Reservierungsnummer, mit der Sie Ihren Dienst erworben haben.<br \/>Beschreibung der Dienstleistung, des Produkts und\/oder der Bestellung.<br \/>Grund f\u00fcr die Beantragung der Erstattung.<br \/>Art der Zahlung, mit der der Kauf erworben wurde.<\/p>\n<p>Falls es notwendig ist, das Produkt zur\u00fcckzusenden, muss der Zustand des Produkts von Casalin Vaijes y Turismo SA bewertet werden, bevor eine m\u00f6gliche R\u00fcckerstattung erfolgt.<\/p>\n<p>Sobald der Eingang des Erstattungsantrags best\u00e4tigt wurde, wird die Erstattung gepr\u00fcft. Die Entgegennahme des Antrags bedeutet nicht, dass die Erstattung genehmigt wird.<\/p>\n<p>Die R\u00fcckerstattungsantr\u00e4ge werden gepr\u00fcft, und der Kunde wird sowohl im Falle der Durchf\u00fchrung als auch im Falle der Nichtdurchf\u00fchrung der R\u00fcckerstattung unter Angabe der Gr\u00fcnde benachrichtigt.<\/p>\n<p>Die Versandkosten f\u00fcr die R\u00fccksendung des Produkts wird vom Kunden getragen werden, wenn gew\u00fcnscht, k\u00f6nnen wir einen Leitfaden f\u00fcr die Abholung des Produkts und die Versandkosten werden von der Erstattung abgezogen werden zu senden.<\/p>\n<p>&nbsp;<\/p>\n<p><strong>4. ZEITEN<\/strong><\/p>\n<p>Die gesch\u00e4tzte Bearbeitungszeit f\u00fcr eine R\u00fcckerstattung, sobald sie genehmigt wurde, ist wie folgt:<\/p>\n<p>Zahlung mit TDC 10 bis 15 Arbeitstage.<br \/>Bankeinzahlung, 5 Arbeitstage.<br \/>Lokale ACH-\u00dcberweisung, 10 Arbeitstage<\/p>\n<p>&nbsp;<\/p>\n<p><strong>5. AUSNAHMEN, DIE DIE ERSTATTUNG AUFHEBEN<\/strong><\/p>\n<p>F\u00fcr die Erstattung gelten die folgenden Ausnahmen.<\/p>\n<p>Casalin Viajes y Turismo SA kann eines der folgenden Dokumente als Nachweis f\u00fcr die Anwesenheit und das berechtigte Verlassen des Wartebereichs vorlegen: GPS mit Ankunfts- und Abfahrtszeit, ein von der Hotelrezeption oder einem Migrationsbeamten oder der zust\u00e4ndigen Tourismusbeh\u00f6rde unterzeichnetes Dokument, das best\u00e4tigt, dass der Reisende nicht zur angegebenen Zeit erschienen ist, eine Live-Standorterfassung von einer beliebigen elektronischen Plattform, ein Foto, das die Anwesenheit am Ort best\u00e4tigt, eine Whatsapp mit dem Reisenden, die die Dienstleistungen best\u00e4tigt, eine Whatsapp mit dem B\u00fcro und ein Foto des Ortes, das die Anwesenheit am Ort best\u00e4tigt.<br \/>Casalin Viajes y Turismo SA entsch\u00e4digte den Kunden mit einer \u00e4hnlichen oder wirtschaftlich h\u00f6herwertigen Dienstleistung oder einem Produkt, das f\u00fcr den Reisenden von Interesse war.<\/p>\n<\/div>\n<\/div>\n<\/div>\n<p>[\/et_pb_text][\/et_pb_column][\/et_pb_row][\/et_pb_section]<\/p>","protected":false},"excerpt":{"rendered":"<p>Condiciones Generales Primer bloque de informaci\u00f3n Pol\u00edticas de Cancelaci\u00f3n y de Reembolso\u00a0 \u00a0 Estas Pol\u00edticas son v\u00e1lidas para el sitio web\u00a0www.toursanblaspanama.com \u00a0 1. DESCRIPCION El reembolso es la solicitud de un cliente por recibir el monto que ha pagado por un art\u00edculo o servicio. Horario de servicio, es la hora en la que recomendamos al [&hellip;]<\/p>","protected":false},"author":2,"featured_media":0,"parent":0,"menu_order":0,"comment_status":"closed","ping_status":"closed","template":"","meta":{"_et_pb_use_builder":"on","_et_pb_old_content":"","_et_gb_content_width":"","footnotes":""},"class_list":["post-101","page","type-page","status-publish","hentry"],"yoast_head":"<!-- This site is optimized with the Yoast SEO plugin v26.5 - https:\/\/yoast.com\/wordpress\/plugins\/seo\/ -->\n<title>Condiciones de compra - Entradas y Tours - Islas San Blas, Panam\u00e1<\/title>\n<meta name=\"robots\" content=\"index, follow, max-snippet:-1, max-image-preview:large, max-video-preview:-1\" \/>\n<link rel=\"canonical\" href=\"https:\/\/toursanblaspanama.com\/de\/condiciones-de-compra\/\" \/>\n<meta property=\"og:locale\" content=\"de_DE\" \/>\n<meta property=\"og:type\" content=\"article\" \/>\n<meta property=\"og:title\" content=\"Condiciones de compra - Entradas y Tours - Islas San Blas, Panam\u00e1\" \/>\n<meta property=\"og:description\" content=\"Condiciones Generales Primer bloque de informaci\u00f3n Pol\u00edticas de Cancelaci\u00f3n y de Reembolso\u00a0 \u00a0 Estas Pol\u00edticas son v\u00e1lidas para el sitio web\u00a0www.toursanblaspanama.com \u00a0 1. DESCRIPCION El reembolso es la solicitud de un cliente por recibir el monto que ha pagado por un art\u00edculo o servicio. Horario de servicio, es la hora en la que recomendamos al [&hellip;]\" \/>\n<meta property=\"og:url\" content=\"https:\/\/toursanblaspanama.com\/de\/condiciones-de-compra\/\" \/>\n<meta property=\"og:site_name\" content=\"Entradas y Tours - Islas San Blas, Panam\u00e1\" \/>\n<meta property=\"article:modified_time\" content=\"2024-02-05T20:25:41+00:00\" \/>\n<meta name=\"twitter:card\" content=\"summary_large_image\" \/>\n<script type=\"application\/ld+json\" class=\"yoast-schema-graph\">{\"@context\":\"https:\/\/schema.org\",\"@graph\":[{\"@type\":\"WebPage\",\"@id\":\"https:\/\/toursanblaspanama.com\/condiciones-de-compra\/\",\"url\":\"https:\/\/toursanblaspanama.com\/condiciones-de-compra\/\",\"name\":\"Condiciones de compra - Entradas y Tours - Islas San Blas, Panam\u00e1\",\"isPartOf\":{\"@id\":\"https:\/\/toursanblaspanama.com\/#website\"},\"datePublished\":\"2024-02-05T20:23:09+00:00\",\"dateModified\":\"2024-02-05T20:25:41+00:00\",\"breadcrumb\":{\"@id\":\"https:\/\/toursanblaspanama.com\/condiciones-de-compra\/#breadcrumb\"},\"inLanguage\":\"de\",\"potentialAction\":[{\"@type\":\"ReadAction\",\"target\":[\"https:\/\/toursanblaspanama.com\/condiciones-de-compra\/\"]}]},{\"@type\":\"BreadcrumbList\",\"@id\":\"https:\/\/toursanblaspanama.com\/condiciones-de-compra\/#breadcrumb\",\"itemListElement\":[{\"@type\":\"ListItem\",\"position\":1,\"name\":\"Portada\",\"item\":\"https:\/\/toursanblaspanama.com\/\"},{\"@type\":\"ListItem\",\"position\":2,\"name\":\"Condiciones de compra\"}]},{\"@type\":\"WebSite\",\"@id\":\"https:\/\/toursanblaspanama.com\/#website\",\"url\":\"https:\/\/toursanblaspanama.com\/\",\"name\":\"Entradas y Tours - Islas San Blas, Panam\u00e1\",\"description\":\"\",\"publisher\":{\"@id\":\"https:\/\/toursanblaspanama.com\/#organization\"},\"potentialAction\":[{\"@type\":\"SearchAction\",\"target\":{\"@type\":\"EntryPoint\",\"urlTemplate\":\"https:\/\/toursanblaspanama.com\/?s={search_term_string}\"},\"query-input\":{\"@type\":\"PropertyValueSpecification\",\"valueRequired\":true,\"valueName\":\"search_term_string\"}}],\"inLanguage\":\"de\"},{\"@type\":\"Organization\",\"@id\":\"https:\/\/toursanblaspanama.com\/#organization\",\"name\":\"Entradas y Tours - Islas San Blas, Panam\u00e1\",\"url\":\"https:\/\/toursanblaspanama.com\/\",\"logo\":{\"@type\":\"ImageObject\",\"inLanguage\":\"de\",\"@id\":\"https:\/\/toursanblaspanama.com\/#\/schema\/logo\/image\/\",\"url\":\"https:\/\/toursanblaspanama.com\/wp-content\/uploads\/2024\/01\/tour-san-blas-logo.jpg\",\"contentUrl\":\"https:\/\/toursanblaspanama.com\/wp-content\/uploads\/2024\/01\/tour-san-blas-logo.jpg\",\"width\":934,\"height\":507,\"caption\":\"Entradas y Tours - Islas San Blas, Panam\u00e1\"},\"image\":{\"@id\":\"https:\/\/toursanblaspanama.com\/#\/schema\/logo\/image\/\"}}]}<\/script>\n<!-- \/ Yoast SEO plugin. -->","yoast_head_json":{"title":"Condiciones de compra - Entradas y Tours - Islas San Blas, Panam\u00e1","robots":{"index":"index","follow":"follow","max-snippet":"max-snippet:-1","max-image-preview":"max-image-preview:large","max-video-preview":"max-video-preview:-1"},"canonical":"https:\/\/toursanblaspanama.com\/de\/condiciones-de-compra\/","og_locale":"de_DE","og_type":"article","og_title":"Condiciones de compra - Entradas y Tours - Islas San Blas, Panam\u00e1","og_description":"Condiciones Generales Primer bloque de informaci\u00f3n Pol\u00edticas de Cancelaci\u00f3n y de Reembolso\u00a0 \u00a0 Estas Pol\u00edticas son v\u00e1lidas para el sitio web\u00a0www.toursanblaspanama.com \u00a0 1. DESCRIPCION El reembolso es la solicitud de un cliente por recibir el monto que ha pagado por un art\u00edculo o servicio. Horario de servicio, es la hora en la que recomendamos al [&hellip;]","og_url":"https:\/\/toursanblaspanama.com\/de\/condiciones-de-compra\/","og_site_name":"Entradas y Tours - Islas San Blas, Panam\u00e1","article_modified_time":"2024-02-05T20:25:41+00:00","twitter_card":"summary_large_image","schema":{"@context":"https:\/\/schema.org","@graph":[{"@type":"WebPage","@id":"https:\/\/toursanblaspanama.com\/condiciones-de-compra\/","url":"https:\/\/toursanblaspanama.com\/condiciones-de-compra\/","name":"Condiciones de compra - Entradas y Tours - Islas San Blas, Panam\u00e1","isPartOf":{"@id":"https:\/\/toursanblaspanama.com\/#website"},"datePublished":"2024-02-05T20:23:09+00:00","dateModified":"2024-02-05T20:25:41+00:00","breadcrumb":{"@id":"https:\/\/toursanblaspanama.com\/condiciones-de-compra\/#breadcrumb"},"inLanguage":"de","potentialAction":[{"@type":"ReadAction","target":["https:\/\/toursanblaspanama.com\/condiciones-de-compra\/"]}]},{"@type":"BreadcrumbList","@id":"https:\/\/toursanblaspanama.com\/condiciones-de-compra\/#breadcrumb","itemListElement":[{"@type":"ListItem","position":1,"name":"Portada","item":"https:\/\/toursanblaspanama.com\/"},{"@type":"ListItem","position":2,"name":"Condiciones de compra"}]},{"@type":"WebSite","@id":"https:\/\/toursanblaspanama.com\/#website","url":"https:\/\/toursanblaspanama.com\/","name":"Entradas y Tours - Islas San Blas, Panam\u00e1","description":"","publisher":{"@id":"https:\/\/toursanblaspanama.com\/#organization"},"potentialAction":[{"@type":"SearchAction","target":{"@type":"EntryPoint","urlTemplate":"https:\/\/toursanblaspanama.com\/?s={search_term_string}"},"query-input":{"@type":"PropertyValueSpecification","valueRequired":true,"valueName":"search_term_string"}}],"inLanguage":"de"},{"@type":"Organization","@id":"https:\/\/toursanblaspanama.com\/#organization","name":"Entradas y Tours - Islas San Blas, Panam\u00e1","url":"https:\/\/toursanblaspanama.com\/","logo":{"@type":"ImageObject","inLanguage":"de","@id":"https:\/\/toursanblaspanama.com\/#\/schema\/logo\/image\/","url":"https:\/\/toursanblaspanama.com\/wp-content\/uploads\/2024\/01\/tour-san-blas-logo.jpg","contentUrl":"https:\/\/toursanblaspanama.com\/wp-content\/uploads\/2024\/01\/tour-san-blas-logo.jpg","width":934,"height":507,"caption":"Entradas y Tours - Islas San Blas, Panam\u00e1"},"image":{"@id":"https:\/\/toursanblaspanama.com\/#\/schema\/logo\/image\/"}}]}},"_links":{"self":[{"href":"https:\/\/toursanblaspanama.com\/de\/wp-json\/wp\/v2\/pages\/101","targetHints":{"allow":["GET"]}}],"collection":[{"href":"https:\/\/toursanblaspanama.com\/de\/wp-json\/wp\/v2\/pages"}],"about":[{"href":"https:\/\/toursanblaspanama.com\/de\/wp-json\/wp\/v2\/types\/page"}],"author":[{"embeddable":true,"href":"https:\/\/toursanblaspanama.com\/de\/wp-json\/wp\/v2\/users\/2"}],"replies":[{"embeddable":true,"href":"https:\/\/toursanblaspanama.com\/de\/wp-json\/wp\/v2\/comments?post=101"}],"version-history":[{"count":3,"href":"https:\/\/toursanblaspanama.com\/de\/wp-json\/wp\/v2\/pages\/101\/revisions"}],"predecessor-version":[{"id":105,"href":"https:\/\/toursanblaspanama.com\/de\/wp-json\/wp\/v2\/pages\/101\/revisions\/105"}],"wp:attachment":[{"href":"https:\/\/toursanblaspanama.com\/de\/wp-json\/wp\/v2\/media?parent=101"}],"curies":[{"name":"wp","href":"https:\/\/api.w.org\/{rel}","templated":true}]}}