{"id":101,"date":"2024-02-05T15:23:09","date_gmt":"2024-02-05T20:23:09","guid":{"rendered":"https:\/\/toursanblaspanama.com\/?page_id=101"},"modified":"2024-02-05T15:25:41","modified_gmt":"2024-02-05T20:25:41","slug":"condiciones-de-compra","status":"publish","type":"page","link":"https:\/\/toursanblaspanama.com\/en\/condiciones-de-compra\/","title":{"rendered":"Terms and conditions of purchase"},"content":{"rendered":"<p>[et_pb_section fb_built=\u00bb1&#8243; theme_builder_area=\u00bbpost_content\u00bb _builder_version=\u00bb4.24.0&#8243; _module_preset=\u00bbdefault\u00bb][et_pb_row _builder_version=\u00bb4.24.0&#8243; _module_preset=\u00bbdefault\u00bb theme_builder_area=\u00bbpost_content\u00bb][et_pb_column _builder_version=\u00bb4.24.0&#8243; _module_preset=\u00bbdefault\u00bb type=\u00bb4_4&#8243; theme_builder_area=\u00bbpost_content\u00bb][et_pb_text _builder_version=\u00bb4.24.0&#8243; _module_preset=\u00bbdefault\u00bb theme_builder_area=\u00bbpost_content\u00bb hover_enabled=\u00bb0&#8243; sticky_enabled=\u00bb0&#8243;]<\/p>\n<div class=\"et_pb_module et_pb_text et_pb_text_0  et_pb_text_align_left et_pb_bg_layout_light\">\n<div class=\"et_pb_text_inner\">\n<h2>General Terms and Conditions<\/h2>\n<\/div>\n<\/div>\n<div class=\"et_pb_module et_pb_text et_pb_text_1  et_pb_text_align_left et_pb_bg_layout_light\">\n<div class=\"et_pb_text_inner\">\n<div class=\"fw margin-mini title ng-binding\">First block of information<\/div>\n<div class=\"fw margin-mid ng-binding\" ng-bind-html=\"result.html | sceTWS\">\n<p id=\"isPasted\"><span>Cancellation and Refund Policies\u00a0<\/span><\/p>\n<p><span>\u00a0<\/span><\/p>\n<p><span>These Policies are valid for the website\u00a0<strong>www.toursanblaspanama.com<\/strong><\/span><\/p>\n<p><span>\u00a0<\/span><\/p>\n<p><strong>1. DESCRIPTION<\/strong><\/p>\n<p>A refund is a customer's request to receive the amount paid for an item or service.<\/p>\n<p>Service hours, is the time we recommend the passenger to visit the Panama Canal Visitor's Center for whose visit he\/she is purchasing the ticket.<\/p>\n<p>We present two recommended times: 8:30 am and 2:30 pm.<\/p>\n<p>The tickets are delivered to your hotel in the center of the city or at the meeting point previously assigned, established and confirmed with the passenger. Examples of hotels that are located outside Panama City, without prejudice to be able to find others in the same conditions not listed in this paragraph, are those located in Tocumen Airport, Costa del Este, Playa Bonita, Las Cumbres, Gamboa, City of Knowledge, Summit, Playa Blanca, Colon.<\/p>\n<p>Tickets will be delivered 24 hours before the date of service. Delivery times will be made in two time bands: between 7:00 am and 7:30 am; or, between 1:30 pm and 2:00 pm. The passenger must be in the hotel lobby from the beginning of the delivery times (7:00h or 13:230h).<\/p>\n<p>&nbsp;<\/p>\n<p><strong>2. REASONS FOR THE REFUND<\/strong><\/p>\n<p>El servicio adquirido se encuentra fuera de inventario y no es posible entregar otro de caracter\u00edsticas similares y de igual o mayor precio.<\/p>\n<p>The Panama Canal closes the Visitor's Center and passengers are not allowed access to the Visitor's Center by the Panama Canal Authority during the recommended hours or at other times.<\/p>\n<p>The waiting time at the time of delivery is 5 minutes and the company's staff does not make this waiting time.<\/p>\n<p>An incorrect amount has been charged to the customer, refund applies for the difference.<\/p>\n<p>Due to the different scenarios that may occur in online purchases, all those cases not contemplated in these policies will be reviewed and processed by Casalin Viajes y Turismo SA on an individual basis.<\/p>\n<p>Due to the COVID-19 pandemic situation, no reimbursement will be made for modification of tour schedules and\/or content due to changes made by the final service providers and\/or health authorities.<\/p>\n<p>&nbsp;<\/p>\n<p><strong>3. REQUIREMENTS<\/strong><\/p>\n<p>To request a refund, you will be asked to provide the following information, which you must submit by email or in person:<br \/>Reservation number with which you purchased your service.<br \/>Description of the service, product and\/or order.<br \/>Reason for requesting refund.<br \/>Form of payment with which the purchase was acquired.<\/p>\n<p>In case it is necessary to send the product, the conditions of the product must be evaluated by Casalin Vaijes y Turismo SA before proceeding to a possible refund.<\/p>\n<p>Once the receipt of the reimbursement request has been confirmed, the reimbursement will be reviewed. Receipt of the request does not imply authorization of the refund.<\/p>\n<p>Refund requests will be analyzed and notice will be given to the client both in cases of proceeding and in cases of not proceeding with the refunds and the reasons.<\/p>\n<p>Shipping costs for the return of the product will be borne by the customer, if desired we can send a guide to schedule the collection of the product and the shipping cost will be deducted from the refund.<\/p>\n<p>&nbsp;<\/p>\n<p><strong>4. TIMES<\/strong><\/p>\n<p>The estimated processing times for a Refund once it has been authorized are as follows:<\/p>\n<p>Payment with TDC 10 to 15 business days.<br \/>Bank Deposit, 5 working days.<br \/>Local ACH transfer, 10 working days<\/p>\n<p>&nbsp;<\/p>\n<p><strong>5. EXCEPTIONS THAT CANCEL THE REFUND<\/strong><\/p>\n<p>The following exceptions apply to refunds.<\/p>\n<p>Casalin Viajes y Turismo SA will present any of the following documents as proof of presence and justified withdrawal from the waiting point: GPS with time of arrival and departure area, document signed by the hotel reception or migration official or relevant tourism authority certifying that the passenger did not show up at the indicated time, live location capture from any electronic platform, photo justifying the presence in the place, whatsapp with the passenger confirming the services, whatsapp with office and photo of the place confirming the presence in the place.<br \/>Casalin Viajes y Turismo SA compensated the customer with a service or product similar or of a higher economic amount or of a nature of interest to the passenger.<\/p>\n<\/div>\n<\/div>\n<\/div>\n<p>[\/et_pb_text][\/et_pb_column][\/et_pb_row][\/et_pb_section]<\/p>","protected":false},"excerpt":{"rendered":"<p>Condiciones Generales Primer bloque de informaci\u00f3n Pol\u00edticas de Cancelaci\u00f3n y de Reembolso\u00a0 \u00a0 Estas Pol\u00edticas son v\u00e1lidas para el sitio web\u00a0www.toursanblaspanama.com \u00a0 1. DESCRIPCION El reembolso es la solicitud de un cliente por recibir el monto que ha pagado por un art\u00edculo o servicio. Horario de servicio, es la hora en la que recomendamos al [&hellip;]<\/p>","protected":false},"author":2,"featured_media":0,"parent":0,"menu_order":0,"comment_status":"closed","ping_status":"closed","template":"","meta":{"_et_pb_use_builder":"on","_et_pb_old_content":"","_et_gb_content_width":"","footnotes":""},"class_list":["post-101","page","type-page","status-publish","hentry"],"yoast_head":"<!-- This site is optimized with the Yoast SEO plugin v26.5 - https:\/\/yoast.com\/wordpress\/plugins\/seo\/ -->\n<title>Condiciones de compra - Entradas y Tours - Islas San Blas, Panam\u00e1<\/title>\n<meta name=\"robots\" content=\"index, follow, max-snippet:-1, max-image-preview:large, max-video-preview:-1\" \/>\n<link rel=\"canonical\" href=\"https:\/\/toursanblaspanama.com\/en\/condiciones-de-compra\/\" \/>\n<meta property=\"og:locale\" content=\"en_US\" \/>\n<meta property=\"og:type\" content=\"article\" \/>\n<meta property=\"og:title\" content=\"Condiciones de compra - Entradas y Tours - Islas San Blas, Panam\u00e1\" \/>\n<meta property=\"og:description\" content=\"Condiciones Generales Primer bloque de informaci\u00f3n Pol\u00edticas de Cancelaci\u00f3n y de Reembolso\u00a0 \u00a0 Estas Pol\u00edticas son v\u00e1lidas para el sitio web\u00a0www.toursanblaspanama.com \u00a0 1. DESCRIPCION El reembolso es la solicitud de un cliente por recibir el monto que ha pagado por un art\u00edculo o servicio. Horario de servicio, es la hora en la que recomendamos al [&hellip;]\" \/>\n<meta property=\"og:url\" content=\"https:\/\/toursanblaspanama.com\/en\/condiciones-de-compra\/\" \/>\n<meta property=\"og:site_name\" content=\"Entradas y Tours - Islas San Blas, Panam\u00e1\" \/>\n<meta property=\"article:modified_time\" content=\"2024-02-05T20:25:41+00:00\" \/>\n<meta name=\"twitter:card\" content=\"summary_large_image\" \/>\n<script type=\"application\/ld+json\" class=\"yoast-schema-graph\">{\"@context\":\"https:\/\/schema.org\",\"@graph\":[{\"@type\":\"WebPage\",\"@id\":\"https:\/\/toursanblaspanama.com\/condiciones-de-compra\/\",\"url\":\"https:\/\/toursanblaspanama.com\/condiciones-de-compra\/\",\"name\":\"Condiciones de compra - Entradas y Tours - Islas San Blas, Panam\u00e1\",\"isPartOf\":{\"@id\":\"https:\/\/toursanblaspanama.com\/#website\"},\"datePublished\":\"2024-02-05T20:23:09+00:00\",\"dateModified\":\"2024-02-05T20:25:41+00:00\",\"breadcrumb\":{\"@id\":\"https:\/\/toursanblaspanama.com\/condiciones-de-compra\/#breadcrumb\"},\"inLanguage\":\"en-US\",\"potentialAction\":[{\"@type\":\"ReadAction\",\"target\":[\"https:\/\/toursanblaspanama.com\/condiciones-de-compra\/\"]}]},{\"@type\":\"BreadcrumbList\",\"@id\":\"https:\/\/toursanblaspanama.com\/condiciones-de-compra\/#breadcrumb\",\"itemListElement\":[{\"@type\":\"ListItem\",\"position\":1,\"name\":\"Portada\",\"item\":\"https:\/\/toursanblaspanama.com\/\"},{\"@type\":\"ListItem\",\"position\":2,\"name\":\"Condiciones de compra\"}]},{\"@type\":\"WebSite\",\"@id\":\"https:\/\/toursanblaspanama.com\/#website\",\"url\":\"https:\/\/toursanblaspanama.com\/\",\"name\":\"Entradas y Tours - Islas San Blas, Panam\u00e1\",\"description\":\"\",\"publisher\":{\"@id\":\"https:\/\/toursanblaspanama.com\/#organization\"},\"potentialAction\":[{\"@type\":\"SearchAction\",\"target\":{\"@type\":\"EntryPoint\",\"urlTemplate\":\"https:\/\/toursanblaspanama.com\/?s={search_term_string}\"},\"query-input\":{\"@type\":\"PropertyValueSpecification\",\"valueRequired\":true,\"valueName\":\"search_term_string\"}}],\"inLanguage\":\"en-US\"},{\"@type\":\"Organization\",\"@id\":\"https:\/\/toursanblaspanama.com\/#organization\",\"name\":\"Entradas y Tours - Islas San Blas, Panam\u00e1\",\"url\":\"https:\/\/toursanblaspanama.com\/\",\"logo\":{\"@type\":\"ImageObject\",\"inLanguage\":\"en-US\",\"@id\":\"https:\/\/toursanblaspanama.com\/#\/schema\/logo\/image\/\",\"url\":\"https:\/\/toursanblaspanama.com\/wp-content\/uploads\/2024\/01\/tour-san-blas-logo.jpg\",\"contentUrl\":\"https:\/\/toursanblaspanama.com\/wp-content\/uploads\/2024\/01\/tour-san-blas-logo.jpg\",\"width\":934,\"height\":507,\"caption\":\"Entradas y Tours - Islas San Blas, Panam\u00e1\"},\"image\":{\"@id\":\"https:\/\/toursanblaspanama.com\/#\/schema\/logo\/image\/\"}}]}<\/script>\n<!-- \/ Yoast SEO plugin. -->","yoast_head_json":{"title":"Condiciones de compra - Entradas y Tours - Islas San Blas, Panam\u00e1","robots":{"index":"index","follow":"follow","max-snippet":"max-snippet:-1","max-image-preview":"max-image-preview:large","max-video-preview":"max-video-preview:-1"},"canonical":"https:\/\/toursanblaspanama.com\/en\/condiciones-de-compra\/","og_locale":"en_US","og_type":"article","og_title":"Condiciones de compra - Entradas y Tours - Islas San Blas, Panam\u00e1","og_description":"Condiciones Generales Primer bloque de informaci\u00f3n Pol\u00edticas de Cancelaci\u00f3n y de Reembolso\u00a0 \u00a0 Estas Pol\u00edticas son v\u00e1lidas para el sitio web\u00a0www.toursanblaspanama.com \u00a0 1. DESCRIPCION El reembolso es la solicitud de un cliente por recibir el monto que ha pagado por un art\u00edculo o servicio. Horario de servicio, es la hora en la que recomendamos al [&hellip;]","og_url":"https:\/\/toursanblaspanama.com\/en\/condiciones-de-compra\/","og_site_name":"Entradas y Tours - Islas San Blas, Panam\u00e1","article_modified_time":"2024-02-05T20:25:41+00:00","twitter_card":"summary_large_image","schema":{"@context":"https:\/\/schema.org","@graph":[{"@type":"WebPage","@id":"https:\/\/toursanblaspanama.com\/condiciones-de-compra\/","url":"https:\/\/toursanblaspanama.com\/condiciones-de-compra\/","name":"Condiciones de compra - Entradas y Tours - Islas San Blas, Panam\u00e1","isPartOf":{"@id":"https:\/\/toursanblaspanama.com\/#website"},"datePublished":"2024-02-05T20:23:09+00:00","dateModified":"2024-02-05T20:25:41+00:00","breadcrumb":{"@id":"https:\/\/toursanblaspanama.com\/condiciones-de-compra\/#breadcrumb"},"inLanguage":"en-US","potentialAction":[{"@type":"ReadAction","target":["https:\/\/toursanblaspanama.com\/condiciones-de-compra\/"]}]},{"@type":"BreadcrumbList","@id":"https:\/\/toursanblaspanama.com\/condiciones-de-compra\/#breadcrumb","itemListElement":[{"@type":"ListItem","position":1,"name":"Portada","item":"https:\/\/toursanblaspanama.com\/"},{"@type":"ListItem","position":2,"name":"Condiciones de compra"}]},{"@type":"WebSite","@id":"https:\/\/toursanblaspanama.com\/#website","url":"https:\/\/toursanblaspanama.com\/","name":"Entradas y Tours - Islas San Blas, Panam\u00e1","description":"","publisher":{"@id":"https:\/\/toursanblaspanama.com\/#organization"},"potentialAction":[{"@type":"SearchAction","target":{"@type":"EntryPoint","urlTemplate":"https:\/\/toursanblaspanama.com\/?s={search_term_string}"},"query-input":{"@type":"PropertyValueSpecification","valueRequired":true,"valueName":"search_term_string"}}],"inLanguage":"en-US"},{"@type":"Organization","@id":"https:\/\/toursanblaspanama.com\/#organization","name":"Entradas y Tours - Islas San Blas, Panam\u00e1","url":"https:\/\/toursanblaspanama.com\/","logo":{"@type":"ImageObject","inLanguage":"en-US","@id":"https:\/\/toursanblaspanama.com\/#\/schema\/logo\/image\/","url":"https:\/\/toursanblaspanama.com\/wp-content\/uploads\/2024\/01\/tour-san-blas-logo.jpg","contentUrl":"https:\/\/toursanblaspanama.com\/wp-content\/uploads\/2024\/01\/tour-san-blas-logo.jpg","width":934,"height":507,"caption":"Entradas y Tours - Islas San Blas, Panam\u00e1"},"image":{"@id":"https:\/\/toursanblaspanama.com\/#\/schema\/logo\/image\/"}}]}},"_links":{"self":[{"href":"https:\/\/toursanblaspanama.com\/en\/wp-json\/wp\/v2\/pages\/101","targetHints":{"allow":["GET"]}}],"collection":[{"href":"https:\/\/toursanblaspanama.com\/en\/wp-json\/wp\/v2\/pages"}],"about":[{"href":"https:\/\/toursanblaspanama.com\/en\/wp-json\/wp\/v2\/types\/page"}],"author":[{"embeddable":true,"href":"https:\/\/toursanblaspanama.com\/en\/wp-json\/wp\/v2\/users\/2"}],"replies":[{"embeddable":true,"href":"https:\/\/toursanblaspanama.com\/en\/wp-json\/wp\/v2\/comments?post=101"}],"version-history":[{"count":3,"href":"https:\/\/toursanblaspanama.com\/en\/wp-json\/wp\/v2\/pages\/101\/revisions"}],"predecessor-version":[{"id":105,"href":"https:\/\/toursanblaspanama.com\/en\/wp-json\/wp\/v2\/pages\/101\/revisions\/105"}],"wp:attachment":[{"href":"https:\/\/toursanblaspanama.com\/en\/wp-json\/wp\/v2\/media?parent=101"}],"curies":[{"name":"wp","href":"https:\/\/api.w.org\/{rel}","templated":true}]}}